{"id":5739,"date":"2024-03-24T09:30:55","date_gmt":"2024-03-24T08:30:55","guid":{"rendered":"https:\/\/dswsport.com\/privacy-policy\/"},"modified":"2024-05-04T16:42:27","modified_gmt":"2024-05-04T15:42:27","slug":"privacy-policy","status":"publish","type":"page","link":"https:\/\/dswsport.com\/en\/privacy-policy\/","title":{"rendered":"Privacy Policy"},"content":{"rendered":"\r\n<p style=\"font-weight: 400;\"><strong>Informativa fornita ai sensi dell\u2019Art.13\u00a0 del Reg.UE 2016\/679 <\/strong><\/p>\r\n<p style=\"font-weight: 400;\"><strong>1 \u2013 INFORMAZIONI RELATIVE ALLA PRIVACY POLICY DEL SITO<\/strong><\/p>\r\n<p style=\"font-weight: 400;\">In questa sezione sono contenute le informazioni relative alle modalit\u00e0 di gestione del sito WEB <a href=\"http:\/\/www.dswweb.com\/\" target=\"_blank\" rel=\"noopener\">dswsport.com<\/a> in riferimento al trattamento dei dati personali degli utenti che interagiscono con il sito.<\/p>\r\n<p style=\"font-weight: 400;\">La presente informativa ha valore ai sensi dell&#8217;articolo 13 del Regolamento UE n. 2016\/679 (d\u2019ora in poi anche \u201cGDPR\u201d), relativo alla protezione dei dati personali.<\/p>\r\n<p style=\"font-weight: 400;\">L&#8217;informativa \u00e8 resa solo per il presente sito e non anche per altri siti web eventualmente consultati dall&#8217;utente tramite link in esso contenuti.<\/p>\r\n<p style=\"font-weight: 400;\">L&#8217;informativa pu\u00f2 subire modifiche a causa dell&#8217;introduzione di nuove norme ovvero di modifiche ai trattamenti effettuati. Si invita pertanto l&#8217;utente a controllare periodicamente la presente pagina.<\/p>\r\n<p style=\"font-weight: 400;\">\u00a0<strong>2 &#8211; Titolare del trattamento<\/strong><\/p>\r\n<p style=\"font-weight: 400;\">Il titolare del trattamento \u00e8 la persona fisica o giuridica, l&#8217;autorit\u00e0 pubblica, il servizio o altro organismo che, singolarmente o insieme ad altri, determina le finalit\u00e0 e i mezzi del trattamento di dati personali. Si occupa anche dei profili sulla sicurezza.<\/p>\r\n<p style=\"font-weight: 400;\">Relativamente al presente sito web il titolare del trattamento \u00e8 la societ\u00e0 AM-Tech S.r.l\u00a0. via dell\u2019Orsa Maggiore 33, 00144 Roma contattabile all\u2019indirizzo e-mail: <a href=\"mailto:amministrazione@am-tech.online\">amministrazione@am-tech.online<\/a>, PEC: am-tech@legalmail.it<\/p>\r\n<p style=\"font-weight: 400;\"><strong>3 &#8211; Dati personali trattati, relative finalit\u00e0 e basi legali<\/strong><\/p>\r\n<p style=\"font-weight: 400;\">L\u2019elenco che segue descrive i dati personali trattati, nonch\u00e9 le relative finalit\u00e0 e basi legali:<\/p>\r\n<ol style=\"font-weight: 400;\">\r\n<li>Nel caso l\u2019utente decidesse di registrarsi verr\u00e0 raccolto l\u2019indirizzo e-mail. La finalit\u00e0 \u00e8 relativa all\u2019inserimento dei contenuti ad opera degli addetti. La base legale \u00e8 l\u2019edsecuzione di un contratto (art. 6.1.b GDPR).<\/li>\r\n<li>Come tutti i siti web anche il presente sito fa uso di log file nei quali vengono conservate informazioni raccolte in maniera automatizzata durante le visite degli utenti. Le informazioni raccolte potrebbero essere le seguenti:<\/li>\r\n<\/ol>\r\n<ul>\r\n<li>indirizzo internet protocol (IP), laddove non anonimizzato;<\/li>\r\n<li>tipo di browser e parametri del dispositivo usato per connettersi al sito;<\/li>\r\n<li>nome dell&#8217;internet service provider (ISP);<\/li>\r\n<li>data e orario di visita;<\/li>\r\n<li>pagina web di provenienza del visitatore (referral) e di uscita;<\/li>\r\n<li>eventualmente il numero di click.<\/li>\r\n<\/ul>\r\n<p style=\"font-weight: 400;\">Le suddette informazioni sono trattate in forma automatizzata e raccolte in forma esclusivamente aggregata al fine di verificare il corretto funzionamento del sito, e per motivi di sicurezza. Tali informazioni saranno trattate con la base legale del legittimo interesse del titolare (art. 6.1.f GDPR).<\/p>\r\n<ol style=\"font-weight: 400;\">\r\n<li>A fini di sicurezza (filtri antispam, firewall, rilevazione virus), i dati registrati automaticamente possono eventualmente comprendere anche dati personali come l&#8217;indirizzo Ip, che potrebbe essere utilizzato, conformemente alle leggi vigenti in materia, al fine di bloccare tentativi di danneggiamento al sito medesimo o di recare danno ad altri utenti, o comunque attivit\u00e0 dannose o costituenti reato. Tali dati non sono mai utilizzati per l&#8217;identificazione o la profilazione dell&#8217;utente, ma solo a fini di tutela del sito e dei suoi utenti. Tali informazioni saranno trattate con la base legale del legittimo interesse del titolare (art. 6.1.f GDPR).<\/li>\r\n<li>Qualora il sito consenta l&#8217;inserimento di commenti, oppure in caso di specifici servizi richiesti dall&#8217;utente, esso richiede alcuni dati identificativi dell&#8217;utente, quali il nome e l&#8217;indirizzo mail. Tali dati si intendono volontariamente forniti dall&#8217;utente al momento della richiesta di erogazione del servizio. Inserendo un commento o altra informazione l&#8217;utente accetta espressamente l&#8217;informativa privacy, e in particolare acconsente che i contenuti dei commenti inseriti siano pubblicati sul sito WEB. I dati ricevuti verranno utilizzati esclusivamente per la gestione della gestione dei commenti e per il solo tempo necessario per l\u2019erogazione del servizio.<\/li>\r\n<\/ol>\r\n<p style=\"font-weight: 400;\">Le informazioni che gli utenti del sito riterranno di rendere pubbliche tramite i servizi e gli strumenti messi a disposizione degli stessi, sono fornite dall&#8217;utente consapevolmente e volontariamente, esentando il presente sito da qualsiasi responsabilit\u00e0 in merito ad eventuali violazioni delle leggi. Spetta all&#8217;utente verificare di avere i permessi per l&#8217;immissione di dati personali di terzi o di contenuti tutelati dalle norme nazionali ed internazionali.<\/p>\r\n<p style=\"font-weight: 400;\">La base legale per questo trattamento il legittimo interesse del titolare nel gestire i commenti degli utenti sul proprio sito WEB (art. 6.1.f GDPR).<\/p>\r\n<p style=\"font-weight: 400;\"><strong>4 \u2013 Modalit\u00e0 per il trattamento dati<\/strong><\/p>\r\n<p style=\"font-weight: 400;\">I dati raccolti dal sito durante il suo funzionamento sono utilizzati per le finalit\u00e0 e con le basi legali sopra indicate.<\/p>\r\n<p style=\"font-weight: 400;\">La conservazione dei dati sar\u00e0 effettuata per il periodo strettamente necessario al raggiungimento della finalit\u00e0 sopra indicata e comunque non superiore a 24 mesi, ovvero per tutto il tempo in cui l&#8217;utente avr\u00e0 un account attivo.<\/p>\r\n<p style=\"font-weight: 400;\">I dati utilizzati a fini di sicurezza (blocco tentativi di danneggiamento del sito) sono conservati per il tempo strettamente necessario al raggiungimento del fine anteriormente indicato.<\/p>\r\n<p style=\"font-weight: 400;\">Specifiche misure di sicurezza sono osservate per prevenire la perdita dei dati, usi illeciti o non corretti e accessi non autorizzati. La trasmissione dei dati forniti volontariamente dall\u2019utente mediante compilazione dei campi che compongono i form presenti sul sito sono trasferiti mediante cifratura SSL che codifica le informazioni prima che queste vengano scambiate via Internet tra il browser dell&#8217;utente e i sistemi centrali del Titolare, rendendole incomprensibili ai non autorizzati e garantendo in questo modo la riservatezza delle informazioni trasmesse.<\/p>\r\n<p style=\"font-weight: 400;\"><strong>5 \u2013 Destinatari e luogo di trattamento dei dati<\/strong><\/p>\r\n<p style=\"font-weight: 400;\">I trattamenti dei suoi dati personali hanno luogo presso la sede del Titolare e\/o presso i fornitori da lui scelti che trattano i dati in qualit\u00e0 di responsabili o titolari autonomi.<\/p>\r\n<p style=\"font-weight: 400;\">Possono infatti venire a conoscenza dei Suoi dati personali i dipendenti o i partner tecnologici esterni appositamente incaricati quali responsabili del trattamento e che consentono al Titolare di erogare i servizi forniti tramite il sito, ivi compresi i fornitori di soluzioni software, WEB application, servizi di storage e\/o di hosting erogati anche tramite sistemi di Cloud Computing.<\/p>\r\n<p style=\"font-weight: 400;\">Il presente sito potrebbe inoltre condividere alcuni dei dati raccolti con servizi localizzati al di fuori dell&#8217;area dell&#8217;Unione Europea. In particolare, con Google (Alphabet), Facebook (Meta) tramite i social plugin e il servizio di Google Analytics. Dette societ\u00e0 hanno sede presso gli Stati Uniti, paese considerato adeguato dalla Commissione Europea ed hanno esplicitamente aderito all\u2019accordo USA-UE denominato Privacy Framework. Il trasferimento \u00e8 pertanto regolato dall&#8217;articolo 45, comma 1 del Regolamento UE 2016\/679, per cui non occorre ulteriore consenso.<\/p>\r\n<p style=\"font-weight: 400;\">Non verranno mai trasferiti dati a Paesi terzi extra-UE che non rispettino le condizioni previste dall&#8217;articolo 45 del GDPR.<\/p>\r\n<p style=\"font-weight: 400;\"><strong>6 \u2013 Diritti degli interessati<\/strong><\/p>\r\n<p style=\"font-weight: 400;\">Gli interessati hanno il diritto di ottenere dal Titolare del trattamento, nei casi previsti, l&#8217;accesso ai dati personali e la rettifica o la cancellazione degli stessi o la limitazione del trattamento che li riguarda o di opporsi al trattamento (artt. 15 e ss. del Regolamento). Ove applicabili, ha altres\u00ec i diritti di cui agli artt. 16-21 GDPR (diritto di rettifica, diritto all\u2019oblio, diritto di limitazione di trattamento, diritto alla portabilit\u00e0 dei dati, diritto di opposizione).<br \/><br \/><strong>Il diritto di revoca<\/strong><\/p>\r\n<p style=\"font-weight: 400;\">Gli interessati hanno il diritto di revocare il proprio consenso, qualora in precedenza rilasciato, in qualsiasi momento. La revoca del consenso non pregiudica la liceit\u00e0 del trattamento basata sul consenso prima della revoca.<\/p>\r\n<p style=\"font-weight: 400;\">Le istanze in merito ai propri diritti possono essere presentate contattando il Titolare del trattamento agli indirizzi sopra riportati.<\/p>\r\n<p style=\"font-weight: 400;\">L\u2019esercizio dei diritti \u00e8, in linea di principio, gratuito; il Titolare si riserva il dritto di chiedere un contributo in caso di richieste manifestamente infondate o eccessive (anche ripetitive), anche alla luce delle indicazioni che dovessero essere fornite dal Garante Privacy.<br \/><br \/><strong>Il diritto di Reclamo<\/strong><\/p>\r\n<p style=\"font-weight: 400;\">Gli interessati che ritengono che il trattamento dei dati personali a loro riferiti avvenga in violazione di quanto previsto dal Regolamento hanno il diritto di proporre reclamo al all\u2019Autorit\u00e0 Garante per la protezione dei dati personali (www.gpdp.it &#8211; www.garanteprivacy.it), come previsto dall&#8217;art. 77 del Regolamento stesso, o di adire le opportune sedi giudiziarie (art. 79 del Regolamento).<\/p>\r\n<p style=\"font-weight: 400;\">Questo documento \u00e8 stato aggiornato in data 3\/05\/2024 per essere conforme alle disposizioni normative vigenti, ed in particolare al Regolamento UE 2016\/679.<\/p>\r\n","protected":false},"excerpt":{"rendered":"<p>Informativa fornita ai sensi dell\u2019Art.13\u00a0 del Reg.UE 2016\/679 1 \u2013 INFORMAZIONI RELATIVE ALLA PRIVACY POLICY DEL SITO In questa sezione sono contenute le informazioni relative alle modalit\u00e0 di gestione del sito WEB dswsport.com in riferimento al trattamento dei dati personali degli utenti che interagiscono con il sito. La presente informativa ha valore ai sensi dell&#8217;articolo [&hellip;]<\/p>\n","protected":false},"author":1,"featured_media":0,"parent":0,"menu_order":0,"comment_status":"closed","ping_status":"closed","template":"","meta":{"footnotes":""},"class_list":["post-5739","page","type-page","status-publish"],"_links":{"self":[{"href":"https:\/\/dswsport.com\/en\/wp-json\/wp\/v2\/pages\/5739","targetHints":{"allow":["GET"]}}],"collection":[{"href":"https:\/\/dswsport.com\/en\/wp-json\/wp\/v2\/pages"}],"about":[{"href":"https:\/\/dswsport.com\/en\/wp-json\/wp\/v2\/types\/page"}],"author":[{"embeddable":true,"href":"https:\/\/dswsport.com\/en\/wp-json\/wp\/v2\/users\/1"}],"replies":[{"embeddable":true,"href":"https:\/\/dswsport.com\/en\/wp-json\/wp\/v2\/comments?post=5739"}],"version-history":[{"count":1,"href":"https:\/\/dswsport.com\/en\/wp-json\/wp\/v2\/pages\/5739\/revisions"}],"predecessor-version":[{"id":5741,"href":"https:\/\/dswsport.com\/en\/wp-json\/wp\/v2\/pages\/5739\/revisions\/5741"}],"wp:attachment":[{"href":"https:\/\/dswsport.com\/en\/wp-json\/wp\/v2\/media?parent=5739"}],"curies":[{"name":"wp","href":"https:\/\/api.w.org\/{rel}","templated":true}]}}